{"id":148,"date":"2024-08-04T13:28:01","date_gmt":"2024-08-04T13:28:01","guid":{"rendered":"https:\/\/knowledgerising.org\/?page_id=148"},"modified":"2024-08-04T16:31:47","modified_gmt":"2024-08-04T16:31:47","slug":"a-propos","status":"publish","type":"page","link":"https:\/\/knowledgerising.org\/fr\/a-propos\/","title":{"rendered":"\u00c0 propos"},"content":{"rendered":"<p>[et_pb_section fb_built=&#8221;1&#8243; _builder_version=&#8221;4.16&#8243; global_colors_info=&#8221;{}&#8221;][et_pb_row _builder_version=&#8221;4.16&#8243; background_size=&#8221;initial&#8221; background_position=&#8221;top_left&#8221; background_repeat=&#8221;repeat&#8221; global_colors_info=&#8221;{}&#8221;][et_pb_column type=&#8221;4_4&#8243; _builder_version=&#8221;4.16&#8243; custom_padding=&#8221;|||&#8221; global_colors_info=&#8221;{}&#8221; custom_padding__hover=&#8221;|||&#8221;][et_pb_post_title meta=&#8221;off&#8221; featured_image=&#8221;off&#8221; _builder_version=&#8221;4.16&#8243; title_font=&#8221;|700||on|||||&#8221; title_font_size=&#8221;30px&#8221; parallax=&#8221;on&#8221; saved_tabs=&#8221;all&#8221; global_colors_info=&#8221;{}&#8221;][\/et_pb_post_title][et_pb_text _builder_version=&#8221;4.16&#8243; global_colors_info=&#8221;{}&#8221;]<\/p>\n<h2><span style=\"color: rgba(102, 0, 0, 0.980392);\">Notre Mission<\/span><\/h2>\n<p style=\"text-align: justify;\">Sharminub Knowledge Rising est une association humanitaire qui contribue \u00e0 l&#8217;am\u00e9lioration des conditions de vie des enfants et des jeunes adultes de Katmandou, au N\u00e9pal et de Kalimpong, en Inde. Notre action soutient l&#8217;\u00e9ducation, l\u2019alimentation, le logement et l\u2019habillement ainsi que l\u2019am\u00e9lioration des conditions de vie g\u00e9n\u00e9rales des \u00e9tudiants. Knowledge Rising vise \u00e0 offrir de l&#8217;aide tout en respectant les diverses identit\u00e9s et convictions philosophiques, religieuses et politiques des diff\u00e9rents lieux g\u00e9ographiques dans lesquels nous intervenons.<\/p>\n<p>&nbsp;<\/p>\n<h2>Nos activit\u00e9s<\/h2>\n<p style=\"text-align: justify;\">Knowledge Rising soutient actuellement plus d&#8217;une centaine de jeunes moines effectuant des \u00e9tudes primaires et post-secondaires au <a href=\"https:\/\/www.facebook.com\/sharminub\/\" target=\"_blank\" rel=\"noopener noreferrer\"><span style=\"color: #ed8a00;\"><span style=\"color: #e09900;\"><strong>monast\u00e8re de Sharminub \u00e0<\/strong> <strong>Katmandou, au N\u00e9pal.<\/strong><\/span><\/span><\/a> Avec l&#8217;aide de nos donateurs, nous avons pu fournir des articles de premi\u00e8re n\u00e9cessit\u00e9 tels que des lits, des bureaux, des v\u00eatements, des chaussures et des brosses \u00e0 dents, ainsi que la cr\u00e9ation d\u2019un jardin potager pour provisionner les \u00e9tudiants avec des l\u00e9gumes frais. Les fonds fournis par l&#8217;association aident \u00e9galement \u00e0 payer les repas quotidiens et l&#8217;approvisionnement en eau potable.\u00a0Veuillez consulter notre <span style=\"color: #e09900;\"><strong><a style=\"color: #e09900;\" href=\"https:\/\/drive.google.com\/file\/d\/1ZaH-FBreZ8vSPXrcaz3w6aZL8tmBFv29\/view?usp=sharing\" target=\"_blank\" rel=\"noopener noreferrer\">RAPPORT ANNUEL 2020<\/a><\/strong><\/span> pour d\u00e9couvrir les informations r\u00e9centes concernant l&#8217;activit\u00e9 \u00e0 Sharminub.<\/p>\n<p>&nbsp;<\/p>\n<h2>Le contexte<\/h2>\n<p style=\"text-align: justify;\"><span style=\"color: #ed8a00;\"><strong><a style=\"color: #ed8a00;\" href=\"https:\/\/shamarpa.org\/\" target=\"_blank\" rel=\"noopener noreferrer\">Le 14\u00e8me Kunzig Shamar Rinpoch\u00e9 Mipham Ch\u00f6kyi Lodr\u00f6<\/a> <\/strong><\/span>a con\u00e7u et fond\u00e9 le monast\u00e8re de Sharminub pour apporter un enseignement sup\u00e9rieur de qualit\u00e9 aux moines de la tradition Karma Kagyu. Il a nomm\u00e9 ce monast\u00e8re \u00abSharminub\u00bb, qui signifie \u00abPoindre sans jamais d\u00e9cliner\u00bb.\u00a0L&#8217;association Sharminub Knowledge Rising, tire son nom de ce lieu et de la vision de Shamar Rinpoch\u00e9.<\/p>\n<p style=\"text-align: justify;\">Le souhait de Shamarpa, que les moines puissent \u00e9tudier \u00e0 Sharminub, arrive maintenant \u00e0 maturit\u00e9. En avril 2016, Khenpo Gyaltsen Zangpo, directeur de <span style=\"color: #ed8a00;\"><a style=\"color: #ed8a00;\" href=\"https:\/\/diwakar.org\" target=\"_blank\" rel=\"noopener noreferrer\"><span style=\"color: #e09900;\"><strong>l&#8217;Acad\u00e9mie<\/strong> <strong>bouddhiste Diwakar (DBA) \u00e0 Kalimpong<\/strong><\/span><\/a><\/span>, en Inde, a rejoint Sharminub avec dix moines qui ont re\u00e7u leurs dipl\u00f4mes apr\u00e8s dix ann\u00e9es d&#8217;\u00e9tudes sup\u00e9rieures de philosophie bouddhiste \u00e0 DBA. Sous la direction de Khenpo Gyaltsen Zangpo, ces moines continueront leurs \u00e9tudes et deviendront enseignants pour les centres de la lign\u00e9e dans le monde entier.<\/p>\n<p style=\"text-align: justify;\">Environ 105 nouveaux jeunes moines, \u00e2g\u00e9s de six \u00e0 quinze ans et venant de tout le N\u00e9pal, ont rejoint le groupe. Beaucoup d&#8217;entre eux ont perdu leurs parents dans le s\u00e9isme catastrophique de 2015. Khenpo Gyaltsen Zangpo et les dix moines plus \u00e2g\u00e9s supervisent leurs \u00e9tudes, tout en veillant \u00e0 ce qu&#8217;ils soient nourris et \u00e0 ce que leurs besoins quotidiens soient satisfaits. Les jeunes r\u00e9cemment arriv\u00e9s resteront \u00e0 Sharminub pendant quelques temps, et certains seront ensuite transf\u00e9r\u00e9s \u00e0 <span style=\"color: #e09900;\"><strong><a style=\"color: #e09900;\" href=\"https:\/\/diwakar.org\/en\/about\/about-tadakh-school\" target=\"_blank\" rel=\"noopener noreferrer\">l&#8217;\u00e9cole Takdah Diwakar \u00e0 Kalimpong<\/a><\/strong><\/span>, en Inde. Les autres resteront \u00e0 Sharminub afin que le groupe soit r\u00e9parti entre les deux sites.<\/p>\n<p style=\"text-align: justify;\">Knowledge Rising a vu le jour en 2016 pour r\u00e9pondre aux besoins urgents de soutien \u00e0 la vie quotidienne de ces nombreux jeunes moines. Gr\u00e2ce au soutien de nos nombreux donateurs, l&#8217;association est capable de subvenir aux besoins quotidiens des jeunes moines de Sharminub et de contribuer \u00e0 l&#8217;am\u00e9lioration constante de leurs conditions de vie et de leur \u00e9ducation.<br \/>\nL&#8217;association continue de grandir et vise \u00e0 \u00e9tendre ses activit\u00e9s pour soutenir d&#8217;autres jeunes et institutions.<\/p>\n<p style=\"text-align: justify;\">Knowledge Rising oeuvre avec les conseils de <span style=\"color: #e09900;\"><strong><a style=\"color: #e09900;\" href=\"https:\/\/www.jigmela.org\/\" target=\"_blank\" rel=\"noopener noreferrer\">Lama Jigm\u00e9 Rinpoch\u00e9<\/a><\/strong> <\/span>et avec la b\u00e9n\u00e9diction de <span style=\"color: #e09900;\"><strong><a style=\"color: #e09900;\" href=\"https:\/\/www.karmapa.org\" target=\"_blank\" rel=\"noopener noreferrer\">Sa Saintet\u00e9 Trinlay Thay\u00e9 Dorj\u00e9, le 17\u00e8me Gyalwa Karmapa<\/a>.<\/strong><\/span><\/p>\n<p>[\/et_pb_text][\/et_pb_column][\/et_pb_row][\/et_pb_section]<\/p>\n","protected":false},"excerpt":{"rendered":"<p>Notre Mission Sharminub Knowledge Rising est une association humanitaire qui contribue \u00e0 l&#8217;am\u00e9lioration des conditions de vie des enfants et des jeunes adultes de Katmandou, au N\u00e9pal et de Kalimpong, en Inde. Notre action soutient l&#8217;\u00e9ducation, l\u2019alimentation, le logement et l\u2019habillement ainsi que l\u2019am\u00e9lioration des conditions de vie g\u00e9n\u00e9rales des \u00e9tudiants. Knowledge Rising vise \u00e0 [&hellip;]<\/p>\n","protected":false},"author":1,"featured_media":0,"parent":0,"menu_order":0,"comment_status":"closed","ping_status":"closed","template":"","meta":{"nf_dc_page":"","_et_pb_use_builder":"on","_et_pb_old_content":"","_et_gb_content_width":"","footnotes":""},"class_list":["post-148","page","type-page","status-publish","hentry"],"jetpack_sharing_enabled":true,"_links":{"self":[{"href":"https:\/\/knowledgerising.org\/fr\/wp-json\/wp\/v2\/pages\/148","targetHints":{"allow":["GET"]}}],"collection":[{"href":"https:\/\/knowledgerising.org\/fr\/wp-json\/wp\/v2\/pages"}],"about":[{"href":"https:\/\/knowledgerising.org\/fr\/wp-json\/wp\/v2\/types\/page"}],"author":[{"embeddable":true,"href":"https:\/\/knowledgerising.org\/fr\/wp-json\/wp\/v2\/users\/1"}],"replies":[{"embeddable":true,"href":"https:\/\/knowledgerising.org\/fr\/wp-json\/wp\/v2\/comments?post=148"}],"version-history":[{"count":4,"href":"https:\/\/knowledgerising.org\/fr\/wp-json\/wp\/v2\/pages\/148\/revisions"}],"predecessor-version":[{"id":182,"href":"https:\/\/knowledgerising.org\/fr\/wp-json\/wp\/v2\/pages\/148\/revisions\/182"}],"wp:attachment":[{"href":"https:\/\/knowledgerising.org\/fr\/wp-json\/wp\/v2\/media?parent=148"}],"curies":[{"name":"wp","href":"https:\/\/api.w.org\/{rel}","templated":true}]}}