{"id":196,"date":"2024-08-04T13:31:04","date_gmt":"2024-08-04T13:31:04","guid":{"rendered":"https:\/\/knowledgerising.org\/?page_id=196"},"modified":"2024-08-05T14:04:43","modified_gmt":"2024-08-05T14:04:43","slug":"soutenir","status":"publish","type":"page","link":"https:\/\/knowledgerising.org\/fr\/soutenir\/","title":{"rendered":"Soutenir"},"content":{"rendered":"<p>[et_pb_section fb_built=&#8221;1&#8243; _builder_version=&#8221;4.16&#8243; custom_padding=&#8221;10px|||||&#8221; global_colors_info=&#8221;{}&#8221;][et_pb_row _builder_version=&#8221;4.16&#8243; background_size=&#8221;initial&#8221; background_position=&#8221;top_left&#8221; background_repeat=&#8221;repeat&#8221; min_height=&#8221;449.7px&#8221; custom_padding=&#8221;27px|0px|11px|0px&#8221; global_colors_info=&#8221;{}&#8221;][et_pb_column type=&#8221;4_4&#8243; _builder_version=&#8221;4.16&#8243; custom_padding=&#8221;|||&#8221; global_colors_info=&#8221;{}&#8221; custom_padding__hover=&#8221;|||&#8221;][et_pb_post_title meta=&#8221;off&#8221; featured_image=&#8221;off&#8221; _builder_version=&#8221;4.16&#8243; title_font=&#8221;|700||on|||||&#8221; title_font_size=&#8221;30px&#8221; parallax=&#8221;on&#8221; global_colors_info=&#8221;{}&#8221;][\/et_pb_post_title][et_pb_text _builder_version=&#8221;4.16&#8243; global_colors_info=&#8221;{}&#8221;]<\/p>\n<h2>Faire un don<\/h2>\n<p>&nbsp;<\/p>\n<p style=\"text-align: justify;\">L\u2019activit\u00e9 de Knowledge Rising est enti\u00e8rement financ\u00e9e par vos dons. Votre g\u00e9n\u00e9rosit\u00e9 contribue directement au bien-\u00eatre et \u00e0 l&#8217;\u00e9ducation des \u00e9tudiants de Sharminub.<\/p>\n<p style=\"text-align: justify;\"><strong>Vous avez plusieurs fa\u00e7ons de faire un don.<\/strong><br \/>Vous pouvez faire un don en ligne par carte bancaire, paypal ou par virement bancaire.<\/p>\n<p style=\"text-align: justify;\"><strong>Vous souhaitez soutenir Knowledge Rising de fa\u00e7on r\u00e9guli\u00e8re?<\/strong><br \/>Mettez en place un don mensuel. Les virements mensuels pr\u00e9-approuv\u00e9s permettent d\u2019assurer de mani\u00e8re fiable les fonds pour l\u2019essentiel tels que la nourriture et l\u2019hygi\u00e8ne.<span style=\"color: #000000;\"><\/span><\/p>\n<p style=\"text-align: justify;\"><em>Sharminub Knowledge Rising est une association \u00e0 but non lucratif bas\u00e9e en France. Vos dons sont d\u00e9ductibles\u00a0des imp\u00f4ts et 98 % du montant de votre don va directement au soutien des moines de Sharminub.<\/em><\/p>\n<p>[\/et_pb_text][\/et_pb_column][\/et_pb_row][et_pb_row column_structure=&#8221;1_2,1_2&#8243; _builder_version=&#8221;4.16&#8243; custom_padding=&#8221;22px|0px|27px|0px&#8221; global_colors_info=&#8221;{}&#8221;][et_pb_column type=&#8221;1_2&#8243; _builder_version=&#8221;4.16&#8243; custom_padding=&#8221;|||&#8221; global_colors_info=&#8221;{}&#8221; custom_padding__hover=&#8221;|||&#8221;][et_pb_text _builder_version=&#8221;4.16&#8243; custom_margin=&#8221;||5px|&#8221; custom_margin_tablet=&#8221;&#8221; custom_margin_phone=&#8221;&#8221; custom_margin_last_edited=&#8221;on|desktop&#8221; global_colors_info=&#8221;{}&#8221;]<\/p>\n<h5>Virement bancaire :<\/h5>\n<p>[\/et_pb_text][et_pb_text _builder_version=&#8221;4.16&#8243; background_color=&#8221;#f2f2f2&#8243; custom_margin=&#8221;|||&#8221; custom_margin_tablet=&#8221;&#8221; custom_margin_phone=&#8221;&#8221; custom_margin_last_edited=&#8221;on|desktop&#8221; custom_padding=&#8221;12px|5%|11px|5%||true&#8221; global_colors_info=&#8221;{}&#8221;]<strong>Sharminub Knowledge Rising<\/strong><br \/>\n<strong>Bank: La Banque Postale, Bordeaux Cedex<\/strong><br \/>\n<strong>BIC: PSSTFRPPBOR<\/strong><br \/>\n<strong>IBAN: FR21 2004 1010 0121 1569 7P02 253<\/strong><\/p>\n<p style=\"text-align: justify;\"><span style=\"color: #821003; font-size: small;\">Si vous faites un don par virement bancaire, veuillez envoyer un<br \/>\ne-mail \u00e0 <strong>sharminubknowledgerising@gmail.com<\/strong> en indiquant le montant du don et vos coordonn\u00e9es compl\u00e8tes (nom, adresse, adresse e-mail). Cela nous aidera \u00e0 confirmer la r\u00e9ception de votre contribution et \u00e0 vous envoyer vos re\u00e7us fiscaux.<\/span><\/p>\n<p>[\/et_pb_text][\/et_pb_column][et_pb_column type=&#8221;1_2&#8243; _builder_version=&#8221;4.16&#8243; custom_padding=&#8221;|||&#8221; global_colors_info=&#8221;{}&#8221; custom_padding__hover=&#8221;|||&#8221;][et_pb_text _builder_version=&#8221;4.16&#8243; custom_margin=&#8221;||5px|&#8221; custom_margin_tablet=&#8221;&#8221; custom_margin_phone=&#8221;&#8221; custom_margin_last_edited=&#8221;on|phone&#8221; global_colors_info=&#8221;{}&#8221;]<\/p>\n<h5>Carte bancaire ou via Paypal :<\/h5>\n<p>[\/et_pb_text][et_pb_code _builder_version=&#8221;4.16&#8243; background_color=&#8221;#F2F2F2&#8243; text_orientation=&#8221;center&#8221; custom_margin=&#8221;|||&#8221; custom_padding=&#8221;31px||31px|&#8221; global_colors_info=&#8221;{}&#8221;]<\/p>\n<form action=\"https:\/\/www.paypal.com\/cgi-bin\/webscr\" method=\"post\" target=\"_target\"><!-- [et_pb_line_break_holder] --><input name=\"cmd\" type=\"hidden\" value=\"_s-xclick\" \/><!-- [et_pb_line_break_holder] --><input name=\"hosted_button_id\" type=\"hidden\" value=\"VDH4AQ3VZQ65S\" \/><!-- [et_pb_line_break_holder] --><input title=\"PayPal - The safer, easier way to pay online!\" alt=\"Bouton Faites un don avec PayPal\" name=\"submit\" src=\"https:\/\/knowledgerising.org\/wp-content\/uploads\/2024\/08\/btn_donateCC_LG-1.gif\" type=\"image\" \/><!-- [et_pb_line_break_holder] --><img data-recalc-dims=\"1\" loading=\"lazy\" decoding=\"async\" src=\"https:\/\/i0.wp.com\/www.paypal.com\/fr_FR\/i\/scr\/pixel.gif?resize=1%2C1&#038;ssl=1\" alt=\"\" width=\"1\" height=\"1\" border=\"0\" \/><!-- [et_pb_line_break_holder] --><\/form>\n<p>[\/et_pb_code][\/et_pb_column][\/et_pb_row][et_pb_row _builder_version=&#8221;4.16&#8243; custom_padding=&#8221;15px|0px|27px|0px&#8221; global_colors_info=&#8221;{}&#8221;][et_pb_column type=&#8221;4_4&#8243; _builder_version=&#8221;4.16&#8243; custom_padding=&#8221;|||&#8221; global_colors_info=&#8221;{}&#8221; custom_padding__hover=&#8221;|||&#8221;][et_pb_text _builder_version=&#8221;4.16&#8243; text_font=&#8221;||||||||&#8221; text_font_size=&#8221;12px&#8221; text_line_height=&#8221;1.5em&#8221; global_colors_info=&#8221;{}&#8221;]<span style=\"color: #660018;\">Respect de votre vie priv\u00e9e<br \/>\n<\/span>Vos coordonn\u00e9es sont pr\u00e9cieuses. Ces informations sont r\u00e9serv\u00e9es \u00e0 l\u2019usage exclusif de Sharminub Knowledge Rising.<br \/>\nConform\u00e9ment aux lois sur l&#8217;informatique et les libert\u00e9s et au R\u00e8glement G\u00e9n\u00e9ral sur la Protection des Donn\u00e9es, vous disposez d&#8217;un droit d&#8217;acc\u00e8s, de modification, de rectification et de suppression des donn\u00e9es vous concernant. Pour exercer vos droits, il vous suffit de nous adresser votre demande par mail \u00e0 l\u2019adresse sharminubknowledgerising@gmail.com ou \u00e0 : Sharminub Knowledge Rising | Lieu-dit La Galanterie \u2022 24290 &#8211; Saint L\u00e9on-sur-V\u00e9z\u00e8re, France[\/et_pb_text][\/et_pb_column][\/et_pb_row][et_pb_row column_structure=&#8221;1_2,1_2&#8243; _builder_version=&#8221;4.16&#8243; background_size=&#8221;initial&#8221; background_position=&#8221;top_left&#8221; background_repeat=&#8221;repeat&#8221; global_colors_info=&#8221;{}&#8221;][et_pb_column type=&#8221;1_2&#8243; _builder_version=&#8221;4.16&#8243; custom_padding=&#8221;|||&#8221; global_colors_info=&#8221;{}&#8221; custom_padding__hover=&#8221;|||&#8221;][et_pb_image src=&#8221;https:\/\/knowledgerising.org\/wp-content\/uploads\/2024\/08\/11.jpg&#8221; align=&#8221;center&#8221; force_fullwidth=&#8221;on&#8221; align_tablet=&#8221;center&#8221; align_phone=&#8221;&#8221; align_last_edited=&#8221;on|desktop&#8221; _builder_version=&#8221;4.16&#8243; global_colors_info=&#8221;{}&#8221;][\/et_pb_image][\/et_pb_column][et_pb_column type=&#8221;1_2&#8243; _builder_version=&#8221;4.16&#8243; custom_padding=&#8221;|||&#8221; global_colors_info=&#8221;{}&#8221; custom_padding__hover=&#8221;|||&#8221;][et_pb_text _builder_version=&#8221;4.16&#8243; global_colors_info=&#8221;{}&#8221;]<\/p>\n<h2 class=\"\">Offrir de votre temps<\/h2>\n<p class=\"\" style=\"text-align: justify;\">Certaines comp\u00e9tences sont tr\u00e8s utiles sur place au monast\u00e8re.<br \/>\nSi vous avez une expertise m\u00e9dicale ou des connaissances en anglais et \u00eates int\u00e9ress\u00e9 \u00e0 faire du b\u00e9n\u00e9volat au N\u00e9pal pour aider les \u00e9tudiants dans ces domaines, <span style=\"color: #e09900;\"><strong><a style=\"color: #e09900;\" href=\"https:\/\/knowledgerising.org\/fr\/contact\/\">contactez-nous<\/a><\/strong><\/span> pour en savoir plus.<\/p>\n<p>&nbsp;[\/et_pb_text][\/et_pb_column][\/et_pb_row][\/et_pb_section]<\/p>\n","protected":false},"excerpt":{"rendered":"<p>Faire un don &nbsp; L\u2019activit\u00e9 de Knowledge Rising est enti\u00e8rement financ\u00e9e par vos dons. Votre g\u00e9n\u00e9rosit\u00e9 contribue directement au bien-\u00eatre et \u00e0 l&#8217;\u00e9ducation des \u00e9tudiants de Sharminub. Vous avez plusieurs fa\u00e7ons de faire un don.Vous pouvez faire un don en ligne par carte bancaire, paypal ou par virement bancaire. Vous souhaitez soutenir Knowledge Rising de [&hellip;]<\/p>\n","protected":false},"author":1,"featured_media":0,"parent":0,"menu_order":0,"comment_status":"closed","ping_status":"closed","template":"","meta":{"nf_dc_page":"","_et_pb_use_builder":"on","_et_pb_old_content":"","_et_gb_content_width":"","footnotes":""},"class_list":["post-196","page","type-page","status-publish","hentry"],"jetpack_sharing_enabled":true,"_links":{"self":[{"href":"https:\/\/knowledgerising.org\/fr\/wp-json\/wp\/v2\/pages\/196","targetHints":{"allow":["GET"]}}],"collection":[{"href":"https:\/\/knowledgerising.org\/fr\/wp-json\/wp\/v2\/pages"}],"about":[{"href":"https:\/\/knowledgerising.org\/fr\/wp-json\/wp\/v2\/types\/page"}],"author":[{"embeddable":true,"href":"https:\/\/knowledgerising.org\/fr\/wp-json\/wp\/v2\/users\/1"}],"replies":[{"embeddable":true,"href":"https:\/\/knowledgerising.org\/fr\/wp-json\/wp\/v2\/comments?post=196"}],"version-history":[{"count":2,"href":"https:\/\/knowledgerising.org\/fr\/wp-json\/wp\/v2\/pages\/196\/revisions"}],"predecessor-version":[{"id":305,"href":"https:\/\/knowledgerising.org\/fr\/wp-json\/wp\/v2\/pages\/196\/revisions\/305"}],"wp:attachment":[{"href":"https:\/\/knowledgerising.org\/fr\/wp-json\/wp\/v2\/media?parent=196"}],"curies":[{"name":"wp","href":"https:\/\/api.w.org\/{rel}","templated":true}]}}